{"id":482,"date":"2013-08-07T23:42:41","date_gmt":"2013-08-07T22:42:41","guid":{"rendered":"http:\/\/www.oncoanestesia.org\/?page_id=482"},"modified":"2013-08-08T10:15:56","modified_gmt":"2013-08-08T09:15:56","slug":"482-2","status":"publish","type":"page","link":"http:\/\/www.oncoanestesia.org\/?page_id=482","title":{"rendered":""},"content":{"rendered":"<h1 style=\"text-align: center;\"><span style=\"color: #339966;\">Confirma\u00e7\u00e3o da Inscri\u00e7\u00e3o:<\/span><\/h1>\n<p>&nbsp;<\/p>\n<h1 style=\"text-align: justify;\"><span style=\"color: #339966;\">Obrigado pela sua inscri\u00e7\u00e3o no nosso workshop \u2013 O anestesiologista na analgesia p\u00f3s-operat\u00f3ria.<\/span><\/h1>\n<h1 style=\"text-align: justify;\"><span style=\"color: #339966;\">Ser\u00e1 contactado brevemente, por e-mail, com instru\u00e7\u00f5es para o pagamento e conclus\u00e3o da inscri\u00e7\u00e3o.<\/span><\/h1>\n<p>&nbsp;<\/p>\n","protected":false},"excerpt":{"rendered":"<p>Confirma\u00e7\u00e3o da Inscri\u00e7\u00e3o: &nbsp; Obrigado pela sua inscri\u00e7\u00e3o no nosso workshop \u2013 O anestesiologista na analgesia p\u00f3s-operat\u00f3ria. Ser\u00e1 contactado brevemente, por e-mail, com instru\u00e7\u00f5es para o pagamento e conclus\u00e3o da inscri\u00e7\u00e3o. &nbsp;<\/p>\n","protected":false},"author":2,"featured_media":0,"parent":0,"menu_order":0,"comment_status":"closed","ping_status":"open","template":"","meta":[],"_links":{"self":[{"href":"http:\/\/www.oncoanestesia.org\/index.php?rest_route=\/wp\/v2\/pages\/482"}],"collection":[{"href":"http:\/\/www.oncoanestesia.org\/index.php?rest_route=\/wp\/v2\/pages"}],"about":[{"href":"http:\/\/www.oncoanestesia.org\/index.php?rest_route=\/wp\/v2\/types\/page"}],"author":[{"embeddable":true,"href":"http:\/\/www.oncoanestesia.org\/index.php?rest_route=\/wp\/v2\/users\/2"}],"replies":[{"embeddable":true,"href":"http:\/\/www.oncoanestesia.org\/index.php?rest_route=%2Fwp%2Fv2%2Fcomments&post=482"}],"version-history":[{"count":6,"href":"http:\/\/www.oncoanestesia.org\/index.php?rest_route=\/wp\/v2\/pages\/482\/revisions"}],"predecessor-version":[{"id":497,"href":"http:\/\/www.oncoanestesia.org\/index.php?rest_route=\/wp\/v2\/pages\/482\/revisions\/497"}],"wp:attachment":[{"href":"http:\/\/www.oncoanestesia.org\/index.php?rest_route=%2Fwp%2Fv2%2Fmedia&parent=482"}],"curies":[{"name":"wp","href":"https:\/\/api.w.org\/{rel}","templated":true}]}}