{"id":233,"date":"2015-04-08T09:33:56","date_gmt":"2015-04-08T08:33:56","guid":{"rendered":"http:\/\/www.oncoanestesia.org\/?page_id=233"},"modified":"2017-08-17T10:50:20","modified_gmt":"2017-08-17T09:50:20","slug":"quem-somos-2","status":"publish","type":"page","link":"https:\/\/www.oncoanestesia.org\/?page_id=233","title":{"rendered":"Quem somos"},"content":{"rendered":"<p><strong>ONCOANESTESIA<\/strong> foi a denomina\u00e7\u00e3o adoptada pelo Servi\u00e7o de Anestesiologia do IPO de Lisboa e pela associa\u00e7\u00e3o em que o pr\u00f3prio se constituiu, a APAO &#8211; Associa\u00e7\u00e3o Portuguesa de Anestesia Oncol\u00f3gica, para englobar toda a sua \u00e1rea de interven\u00e7\u00e3o nas quest\u00f5es cient\u00edficas, seja atrav\u00e9s de publica\u00e7\u00f5es, de reflex\u00f5es ou participa\u00e7\u00e3o em f\u00f3runs, de programas de forma\u00e7\u00e3o, workshops ou est\u00e1gios que realize ou suporte.<\/p>\n<p>O termo e o logotipo que lhe associ\u00e1mos pretendem identificar a realidade da anestesia moderna com a sua pr\u00e1tica em ambiente oncol\u00f3gico, fundir as duas realidades (Servi\u00e7o de Anestesiologia do IPO de Lisboa e Associa\u00e7\u00e3o Portuguesa de Anestesia Oncol\u00f3gica) e projectar-nos &#8211; enquanto grupo de trabalho &#8211; para o exterior, onde pretendemos situar-nos em permanente di\u00e1logo com Colegas, Servi\u00e7os, Associa\u00e7\u00f5es M\u00e9dicas e da Especialidade.<\/p>\n<p style=\"text-align: justify;\"><a href=\"http:\/\/www.oncoanestesia.org\/wp-content\/uploads\/2013\/07\/onco_header_equipa_01.jpg\"><img loading=\"lazy\" class=\"alignnone size-full wp-image-90\" src=\"http:\/\/www.oncoanestesia.org\/wp-content\/uploads\/2013\/07\/onco_header_equipa_01.jpg\" alt=\"onco_header_equipa_01\" width=\"800\" height=\"249\" srcset=\"https:\/\/www.oncoanestesia.org\/wp-content\/uploads\/2013\/07\/onco_header_equipa_01.jpg 800w, https:\/\/www.oncoanestesia.org\/wp-content\/uploads\/2013\/07\/onco_header_equipa_01-300x93.jpg 300w, https:\/\/www.oncoanestesia.org\/wp-content\/uploads\/2013\/07\/onco_header_equipa_01-500x155.jpg 500w\" sizes=\"(max-width: 800px) 100vw, 800px\" \/><\/a><\/p>\n<p style=\"text-align: justify;\">O Servi\u00e7o de Anestesiologia do IPO de Lisboa apenas foi criado em 1972 sob a direc\u00e7\u00e3o da Dra. Na\u00efr de Azevedo, apesar de, por interm\u00e9dio de Jo\u00e3o Lemos Gomes e Francisco Branco, sempre terem existido actividades de Anestesia desde a funda\u00e7\u00e3o, pelo que aqueles ilustres cl\u00ednicos ficaram para a posteridade como os pioneiros da actividade anest\u00e9sica neste Hospital. <br \/>\nFoi sob a direc\u00e7\u00e3o do Dr. Jos\u00e9 Caseiro (2002 a 2015) que o servi\u00e7o consagrou a sua autonomia e atingiu a sua maturidade nas diversas \u00e1reas que a um servi\u00e7o de anestesia devem interessar.<\/p>\n<p style=\"text-align: justify;\">O enquadramento actual do Servi\u00e7o de Anestesiologia qualifica-o como uma estrutura cl\u00ednica departamental, englobando a Unidade de Dor Aguda e a Unidade de Emerg\u00eancia M\u00e9dica.<\/p>\n<p style=\"text-align: justify;\">\u00c9 constitu\u00eddo por 22 profissionais, 21 anestesiologistas e uma assistente administrativa, a que se acrescentam, no momento actual, 8 m\u00e9dicos internos em treino para obten\u00e7\u00e3o do t\u00edtulo de especialista.<\/p>\n<p style=\"text-align: justify;\">A maioria dos anestesistas (14) encontra-se em regime laboral de contrata\u00e7\u00e3o individual de trabalho e os restantes (7) est\u00e3o integrados na carreira m\u00e9dica hospitalar \u2013 treze s\u00e3o assistentes graduados e oito s\u00e3o assistentes hospitalares.<\/p>\n<p style=\"text-align: justify;\">Este Servi\u00e7o assegura uma actividade caracterizada pelo pleno exerc\u00edcio de uma medicina perioperat\u00f3ria, distribu\u00edda por todos os locais onde se torna obrigat\u00f3ria a presen\u00e7a de um anestesiologista, quer seja nos blocos operat\u00f3rios, na unidade de cirurgia de ambulat\u00f3rio, nos exames diagn\u00f3sticos e tratamentos invasivos, enfermarias de p\u00f3s-operat\u00f3rio, consulta, urg\u00eancia, etc\u2026, quer seja colaborando com dois profissionais na cl\u00ednica da dor cr\u00f3nica num total de 20 postos de trabalho: 6 postos no Bloco Operat\u00f3rio Central (5 salas cir\u00fargicas e 1 UCPA), 2 na UCA \u2013 Unidade de Cirurgia do Ambulat\u00f3rio (1 sala cir\u00fargica e 1 UCPA), 2 em Consultas de Anestesiologia (Consulta Principal, Consulta da Unidade de Mama e Consulta da UCA), 1 no Servi\u00e7o de Radioterapia, 2 no Servi\u00e7o de Gastroenterologia em Blocos Perif\u00e9ricos onde se efectuam exames diagn\u00f3sticos e tratamentos para endoscopia alta e colonoscopias, 1 no Servi\u00e7o de Pneumologia (Bloco de Broncoscopias), 1 no Servi\u00e7o de Radiologia (TAC), 1 na UDA \u2013 Unidade de Dor Aguda P\u00f3s-Operat\u00f3ria, 2 em apoio \u00e0 unidade de dor cr\u00f3nica e 2 nas escalas do Servi\u00e7o de Urg\u00eancia.<\/p>\n<p style=\"text-align: justify;\">A actividade anest\u00e9sica no Bloco Operat\u00f3rio contempla variad\u00edssimas especialidades, como a Cirurgia Geral, a Cirurgia da Cabe\u00e7a e Pesco\u00e7o, a ORL, a Ginecologia, a Cirurgia Pl\u00e1stica, a Urologia, a Cirurgia Pedi\u00e1trica e a Cirurgia Tor\u00e1cica e, no seu conjunto, a necessidade de interven\u00e7\u00e3o em t\u00e9cnicas e modalidade especiais, como a Cirurgia Laparosc\u00f3pica (Colo-Rectal e outras), as peritonectomias, a cirurgia com t\u00e9cnicas de perfus\u00e3o e circula\u00e7\u00e3o extra-corporal, retalhos livres, etc.<\/p>\n<p style=\"text-align: justify;\">Pioneiro em Portugal na utiliza\u00e7\u00e3o da PCA (Analgesia Controlada pelo Doente), em 1990, criou tamb\u00e9m a primeira Unidade de Dor Aguda do Pa\u00eds (1 de Outubro de 1993), que, envolvendo todos os anestesistas do Servi\u00e7o, desenvolve intensa actividade organizada, assegurando \u00e0 totalidade dos doentes cir\u00fargicos metodologias protocoladas de analgesia no p\u00f3s-operat\u00f3rio, bem como apertada vigil\u00e2ncia e rotinas de avalia\u00e7\u00e3o, disponibilizando apoio cl\u00ednico permanente 24 sobre 24 horas.<\/p>\n<p style=\"text-align: justify;\">A Unidade de Emerg\u00eancia M\u00e9dica \u00e9 da responsabilidade do servi\u00e7o, adequando as respostas assistenciais emergentes, \u00e0s necessidades do Hospital.<\/p>\n<p>A forma\u00e7\u00e3o em anestesiologia \u00e9 algo que muito prezamos e que temos desenvolvido ao longo dos anos. Para al\u00e9m da garantia dos est\u00e1gios do internato de anestesiologia para os internos do nosso servi\u00e7o, oferecemos ainda est\u00e1gios regulares a internos de outros hospitais em diversas \u00e1reas da anestesia, como cirurgia geral, ginecologia, urologia, otorrinolaringologia, cirurgia da cabe\u00e7a e do pesco\u00e7o, ambulat\u00f3rio, fora do bloco operat\u00f3rio e unidade de dor aguda. Disponibilizamos tamb\u00e9m est\u00e1gios opcionais como a pr\u00e1tica avan\u00e7ada em anestesiologia para cirurgia oncol\u00f3gica major, para cirurgia da cabe\u00e7a e do pesco\u00e7o, para fora do bloco operat\u00f3rio e para unidade de dor aguda.<\/p>\n<p style=\"text-align: justify;\">O Servi\u00e7o organizou ainda, entre 2006 e 2009, um congresso anual, o <strong>ONCOANESTESIA,<\/strong> promove com regularidade workshops em dor aguda e anestesia para cirurgia da cabe\u00e7a e do pesco\u00e7o e produz uma publica\u00e7\u00e3o anualmente revista \u2013 o Manual de Procedimentos do Servi\u00e7o de Anestesiologia do IPO Lisboa \u2013 que cont\u00e9m a descri\u00e7\u00e3o de todas as pr\u00e1ticas adoptadas pelos seus elementos, seja por consenso ou por protocolo e cuja distribui\u00e7\u00e3o f\u00edsica \u00e9 garantida a todos os Servi\u00e7os de Anestesiologia do Pa\u00eds e a um consider\u00e1vel n\u00famero de Anestesiologistas e de outros profissionais de sa\u00fade (distribui\u00e7\u00e3o digital est\u00e1 garatida por este site).<\/p>\n<p style=\"text-align: justify;\">A quem pretenda contactar o Servi\u00e7o de Anestesiologia do IPOLFG_EPE, poder\u00e1 faz\u00ea-lo atrav\u00e9s deste site na \u00e1rea <a title=\"Contacte-nos\" href=\"http:\/\/www.oncoanestesia.org\/?page_id=25\">contacte-nos<\/a><\/p>\n<p>&nbsp;<\/p>\n","protected":false},"excerpt":{"rendered":"<p>ONCOANESTESIA foi a denomina\u00e7\u00e3o adoptada pelo Servi\u00e7o de Anestesiologia do IPO de Lisboa e pela associa\u00e7\u00e3o em que o pr\u00f3prio se constituiu, a APAO &#8211; Associa\u00e7\u00e3o Portuguesa de Anestesia Oncol\u00f3gica, para englobar toda a sua \u00e1rea de interven\u00e7\u00e3o nas quest\u00f5es &hellip; <a href=\"https:\/\/www.oncoanestesia.org\/?page_id=233\">Continue reading <span class=\"meta-nav\">&rarr;<\/span><\/a><\/p>\n","protected":false},"author":2,"featured_media":0,"parent":0,"menu_order":1,"comment_status":"closed","ping_status":"closed","template":"","meta":[],"_links":{"self":[{"href":"https:\/\/www.oncoanestesia.org\/index.php?rest_route=\/wp\/v2\/pages\/233"}],"collection":[{"href":"https:\/\/www.oncoanestesia.org\/index.php?rest_route=\/wp\/v2\/pages"}],"about":[{"href":"https:\/\/www.oncoanestesia.org\/index.php?rest_route=\/wp\/v2\/types\/page"}],"author":[{"embeddable":true,"href":"https:\/\/www.oncoanestesia.org\/index.php?rest_route=\/wp\/v2\/users\/2"}],"replies":[{"embeddable":true,"href":"https:\/\/www.oncoanestesia.org\/index.php?rest_route=%2Fwp%2Fv2%2Fcomments&post=233"}],"version-history":[{"count":10,"href":"https:\/\/www.oncoanestesia.org\/index.php?rest_route=\/wp\/v2\/pages\/233\/revisions"}],"predecessor-version":[{"id":1161,"href":"https:\/\/www.oncoanestesia.org\/index.php?rest_route=\/wp\/v2\/pages\/233\/revisions\/1161"}],"wp:attachment":[{"href":"https:\/\/www.oncoanestesia.org\/index.php?rest_route=%2Fwp%2Fv2%2Fmedia&parent=233"}],"curies":[{"name":"wp","href":"https:\/\/api.w.org\/{rel}","templated":true}]}}